{"id":99,"date":"2021-09-01T14:39:26","date_gmt":"2021-09-01T12:39:26","guid":{"rendered":"https:\/\/arnaques-location-vacances.com\/?page_id=99"},"modified":"2023-07-25T13:24:06","modified_gmt":"2023-07-25T11:24:06","slug":"la-procedure-de-verification-des-annonces-a-risque","status":"publish","type":"page","link":"https:\/\/www.arnaques-location-vacances.com\/index.php\/la-procedure-de-verification-des-annonces-a-risque\/","title":{"rendered":"Annonces \u00e0 risque : comment les v\u00e9rifier ?"},"content":{"rendered":"\n<h2><br><br>A. L&#8217;\u00e9valuation du risque associ\u00e9 \u00e0 l&#8217;annonce <\/h2>\n\n\n\n<p>Vous avez utilis\u00e9 <strong>le<a href=\"https:\/\/www.arnaques-location-vacances.com\/index.php\/calculateur-de-risque-de-fraude\/\"> calculateur de risque<\/a> <\/strong>et obtenu un score proportionnel au risque d&#8217;arnaque associ\u00e9 \u00e0 l&#8217;annonce. <\/p>\n\n\n\n<p><strong>&gt; Score inf\u00e9rieur \u00e0 50 :  risque limit\u00e9<\/strong><br>Vous pouvez toutefois v\u00e9rifier l&#8217;annonce.<\/p>\n\n\n\n<p><strong>&gt; Score compris entre 50 et 100 : zone grise<\/strong>.<br>Il est pr\u00e9f\u00e9rable de proc\u00e9der \u00e0 une <strong>v\u00e9rification<\/strong>. Les moyens de v\u00e9rification \u00e0 la port\u00e9e des internautes sont plus limit\u00e9s que ceux qu&#8217;utilisent les plates-formes; en effet ces derni\u00e8res disposent d&#8217;un arsenal d&#8217;outils techniques leur permettant des v\u00e9rifications compl\u00e9mentaires. Cependant certaines v\u00e9rifications de base permettent d\u00e9j\u00e0 de confirmer ou d&#8217;infirmer le doute initial.<\/p>\n\n\n\n<p><strong>&gt; Score sup\u00e9rieur \u00e0 100 : risque d&#8217;arnaque important.<\/strong><br>Il est souhaitable de renoncer \u00e0 la transaction. <\/p>\n\n\n\n<h2><br>B. Les m\u00e9thodes de v\u00e9rification (site de location)<\/h2>\n\n\n\n<p>Vous trouverez ci-dessous une liste de contr\u00f4le \u00e0 effectuer dans le cas d&#8217;une annonce \u00e0 risque, en particulier s&#8217;il s&#8217;agit d&#8217;une annonce r\u00e9cente avec paiement direct \u00e0 l&#8217;annonceur. <\/p>\n\n\n\n<section id=\"gmbf0cf3d\" class=\"wp-block-gutentor-m3 section-gmbf0cf3d gutentor-module gutentor-container-cover has-color-bg has-custom-bg\"><div class=\"grid-container\">\n<p><i class=\"fas fa-triangle-exclamation\"><\/i> <strong>Rappel : attention aux faux amis <\/strong><br><br>Ne vous fiez jamais \u00e0 <strong>une pi\u00e8ce d&#8217;identit\u00e9<\/strong>, un <strong>acte de propri\u00e9t\u00e9<\/strong>, une <strong>adresse postale existante<\/strong>, un <strong>contrat de location<\/strong> ou un <strong>virement sur un compte bancaire fran\u00e7ais<\/strong> (sans avoir v\u00e9rifi\u00e9 qu&#8217;il ne s&#8217;agit pas d&#8217;une carte pr\u00e9pay\u00e9e). Voir l&#8217;article sur les <a href=\"https:\/\/www.arnaques-location-vacances.com\/index.php\/les-faux-amis-sur-lesquels-il-ne-faut-pas-compter\/\" target=\"_blank\" rel=\"noreferrer noopener\">faux amis<\/a>.<\/p>\n<\/div><\/section>\n\n\n\n<h5><strong>1. Recherche d&#8217;informations sur l&#8217;annonceur<\/strong><\/h5>\n\n\n\n<p>Effectuez une recherche sur l&#8217;annonceur : r\u00e9seaux sociaux, Pages blanches, associations et activit\u00e9s diverses. V\u00e9rifiez que ces activit\u00e9s ne sont pas r\u00e9centes et surtout que les coordonn\u00e9es (t\u00e9l\u00e9phone, e-mail) sont bien les m\u00eames que celles potentiellement pr\u00e9sentes sur l&#8217;annonce. Au besoin contactez l&#8217;annonceur par ce biais. <\/p>\n\n\n\n<h5><strong>2. Annonce pr\u00e9sente sur d&#8217;autres plates-formes <\/strong><\/h5>\n\n\n\n<p>Faites une recherche sur le web \u00e0 partir d&#8217;un extrait du texte de l&#8217;annonce ou des photos. Vous trouverez sans doute d&#8217;autres annonces car beaucoup de propri\u00e9taires diffusent leur h\u00e9bergement sur plusieurs sites. Choisissez de pr\u00e9f\u00e9rence un site payant et v\u00e9rifiez que l&#8217;annonce a plus de trois mois d&#8217;anciennet\u00e9. Au besoin, contactez l&#8217;annonceur sur ce site pour vous assurer qu&#8217;il s&#8217;agit bien de la m\u00eame personne. Gardez en m\u00e9moire que la copie d&#8217;annonce d&#8217;une plate-forme \u00e0 l&#8217;autre est une pratique courante. <\/p>\n\n\n\n<h5><strong>3. Anciens locataires <\/strong><\/h5>\n\n\n\n<p>Demandez \u00e0 l&#8217;annonceur s&#8217;il peut vous vous transmettre les coordonn\u00e9es t\u00e9l\u00e9phoniques d&#8217;anciens locataires. Posez leurs des questions sur leur s\u00e9jour et la location. <\/p>\n\n\n\n<h5><strong>4. Deuxi\u00e8me demande <\/strong><\/h5>\n\n\n\n<p>Il est courant que les fraudeurs cumulent les contrats sur les p\u00e9riodes les plus demand\u00e9es. Envoyez une deuxi\u00e8me demande \u00e0 l&#8217;annonceur avec un autre nom et une autre adresse e-mail pour une p\u00e9riode se chevauchant avec celle que vous vous appr\u00eatez \u00e0 r\u00e9server ou pour une p\u00e9riode indiqu\u00e9e comme d\u00e9j\u00e0 r\u00e9serv\u00e9e. <\/p>\n\n\n\n<h5><strong>5. Questions sur l&#8217;h\u00e9bergement et son environnemen<\/strong>t<\/h5>\n\n\n\n<p>Il est fr\u00e9quent que les fraudeurs copient avec exactitude des annonces l\u00e9gitimes sur d&#8217;autres sites. Cependant les fraudeurs poss\u00e8dent des connaissances du logement et de la destination beaucoup plus limit\u00e9es que celles d&#8217;un propri\u00e9taire l\u00e9gitime. Lisez l&#8217;annonce en d\u00e9tail, rep\u00e9rez la localisation exacte du bien, les activit\u00e9s \u00e0 proximit\u00e9, appelez l&#8217;annonceur et posez des questions sur la location et son environnement : nom de l&#8217;immeuble, orientation, vue, \u00e9quipements, activit\u00e9s organis\u00e9es \u00e0 proximit\u00e9 (festivals, concerts, etc.). Un fraudeur va souvent trouver une excuse pour ne pas r\u00e9pondre :&#8221; <em>c&#8217;est un bien que je loue pour ma m\u00e8re, je ne le connais pas tr\u00e8s bien<\/em>&#8220;.<\/p>\n\n\n\n<h5><strong>6. Autres photos<\/strong><\/h5>\n\n\n\n<p>Les fraudeurs copient les annonces l\u00e9gitimes avec les photos qui vont avec. Vous pouvez demander d&#8217;autres photos du bien, portant sur un point pr\u00e9cis (la salle de bain par exemple). <\/p>\n\n\n\n<h5><strong>7. Appel de la plate-forme (sous r\u00e9serve)<\/strong><\/h5>\n\n\n\n<p>Si vous avez un <strong>doute s\u00e9rieux<\/strong> sur la l\u00e9gitimit\u00e9 de l&#8217;annonce vous pouvez contacter la plate-forme, sous r\u00e9serve qu&#8217;elle r\u00e9ponde \u00e0 ce type de demande. <\/p>\n\n\n\n<h2>C. Les m\u00e9thodes de v\u00e9rification (agence)<\/h2>\n\n\n\n<p>Si vous faites appel au site internet d&#8217;une agence peu connue, il est souhaitable de faire les v\u00e9rifications suivantes : <\/p>\n\n\n\n<div id=\"section-gb51b20\" class=\"wp-block-gutentor-e7 section-gb51b20 gutentor-element gutentor-element-list\"><ul class=\"grid-row gutentor-grid-item-wrap list-indicator-icon\"><li class=\"gutentor-list-item grid-lg-12 grid-md-12 grid-12\"><span class=\"gutentor-single-item gutentor-single-item-0\"><span class=\"gutentor-list-item-wrap g-s-list-wrap\"><span class=\"gutentor-single-list-item-icon\"><i class=\"list-item-icon fas fa-arrow-right\"><\/i><\/span><span class=\"gutentor-list-item\"><p class=\"gutentor-single-item-title\">V\u00e9rification des donn\u00e9es l\u00e9gales sur <a href=\"http:\/\/Societe.com\" target=\"_blank\" rel=\"noreferrer noopener\">Societe.com<\/a> ou <a href=\"https:\/\/entreprises.lefigaro.fr\/\" target=\"_blank\" rel=\"noreferrer noopener\">Figaro<\/a><\/p><\/span><\/span><\/span><\/li><li class=\"gutentor-list-item grid-lg-12 grid-md-12 grid-12\"><span class=\"gutentor-single-item gutentor-single-item-1\"><span class=\"gutentor-list-item-wrap g-s-list-wrap\"><span class=\"gutentor-single-list-item-icon\"><i class=\"list-item-icon fas fa-arrow-right\"><\/i><\/span><span class=\"gutentor-list-item\"><p class=\"gutentor-single-item-title\">V\u00e9rification de l&#8217;anciennet\u00e9 du nom de domaine sur une base <a href=\"http:\/\/www.whois-raynette.fr\/\">Whois<\/a><\/p><\/span><\/span><\/span><\/li><li class=\"gutentor-list-item grid-lg-12 grid-md-12 grid-12\"><span class=\"gutentor-single-item gutentor-single-item-2\"><span class=\"gutentor-list-item-wrap g-s-list-wrap\"><span class=\"gutentor-single-list-item-icon\"><i class=\"list-item-icon fas fa-arrow-right\"><\/i><\/span><span class=\"gutentor-list-item\"><p class=\"gutentor-single-item-title\">Appel t\u00e9l\u00e9phonique de l&#8217;agence <\/p><\/span><\/span><\/span><\/li><\/ul><\/div>\n","protected":false},"excerpt":{"rendered":"<p>A. L&#8217;\u00e9valuation du risque associ\u00e9 \u00e0 l&#8217;annonce Vous avez utilis\u00e9 le calculateur de risque et obtenu un score proportionnel au risque d&#8217;arnaque associ\u00e9 \u00e0 l&#8217;annonce. &gt; Score inf\u00e9rieur \u00e0 50 : risque limit\u00e9Vous pouvez toutefois v\u00e9rifier l&#8217;annonce. &gt; Score compris entre 50 et 100 : zone grise.Il est pr\u00e9f\u00e9rable de proc\u00e9der \u00e0 une v\u00e9rification. Les&hellip;&nbsp;<a href=\"https:\/\/www.arnaques-location-vacances.com\/index.php\/la-procedure-de-verification-des-annonces-a-risque\/\" class=\"\" rel=\"bookmark\">Lire la suite &raquo;<span class=\"screen-reader-text\">Annonces \u00e0 risque : comment les v\u00e9rifier ?<\/span><\/a><\/p>\n","protected":false},"author":1,"featured_media":0,"parent":0,"menu_order":0,"comment_status":"closed","ping_status":"closed","template":"","meta":{"_eb_attr":"","eb_css":"","neve_meta_sidebar":"","neve_meta_container":"","neve_meta_enable_content_width":"","neve_meta_content_width":0,"neve_meta_title_alignment":"","neve_meta_author_avatar":"","neve_post_elements_order":"","neve_meta_disable_header":"","neve_meta_disable_footer":"","neve_meta_disable_title":""},"acf":[],"yoast_head":"<!-- This site is optimized with the Yoast SEO plugin v19.4 - https:\/\/yoast.com\/wordpress\/plugins\/seo\/ -->\n<title>Comment v\u00e9rifier une annonce ? - Arnaques-location-vacances.com<\/title>\n<meta name=\"description\" content=\"Le calculateur de risque vous indique que l&#039;annonce pr\u00e9sente un risque de fraude ? Comment v\u00e9rifier une annonce et sa l\u00e9gitimit\u00e9 ?\" \/>\n<meta name=\"robots\" content=\"index, follow, max-snippet:-1, max-image-preview:large, max-video-preview:-1\" \/>\n<link rel=\"canonical\" href=\"https:\/\/www.arnaques-location-vacances.com\/index.php\/la-procedure-de-verification-des-annonces-a-risque\/\" \/>\n<meta property=\"og:locale\" content=\"fr_FR\" \/>\n<meta property=\"og:type\" content=\"article\" \/>\n<meta property=\"og:title\" content=\"Comment v\u00e9rifier une annonce ? - Arnaques-location-vacances.com\" \/>\n<meta property=\"og:description\" content=\"Le calculateur de risque vous indique que l&#039;annonce pr\u00e9sente un risque de fraude ? Comment v\u00e9rifier une annonce et sa l\u00e9gitimit\u00e9 ?\" \/>\n<meta property=\"og:url\" content=\"https:\/\/www.arnaques-location-vacances.com\/index.php\/la-procedure-de-verification-des-annonces-a-risque\/\" \/>\n<meta property=\"og:site_name\" content=\"Stop aux arnaques \u00e0 la location de vacances\" \/>\n<meta property=\"article:modified_time\" content=\"2023-07-25T11:24:06+00:00\" \/>\n<meta name=\"twitter:card\" content=\"summary_large_image\" \/>\n<meta name=\"twitter:label1\" content=\"Dur\u00e9e de lecture estim\u00e9e\" \/>\n\t<meta name=\"twitter:data1\" content=\"4 minutes\" \/>\n<script type=\"application\/ld+json\" class=\"yoast-schema-graph\">{\"@context\":\"https:\/\/schema.org\",\"@graph\":[{\"@type\":\"Organization\",\"@id\":\"https:\/\/www.arnaques-location-vacances.com\/#organization\",\"name\":\"Stop aux arnaques \u00e0 la location de vacances\",\"url\":\"https:\/\/www.arnaques-location-vacances.com\/\",\"sameAs\":[],\"logo\":{\"@type\":\"ImageObject\",\"inLanguage\":\"fr-FR\",\"@id\":\"https:\/\/www.arnaques-location-vacances.com\/#\/schema\/logo\/image\/\",\"url\":\"https:\/\/www.arnaques-location-vacances.com\/wp-content\/uploads\/2021\/09\/cropped-cropped-logo.gif\",\"contentUrl\":\"https:\/\/www.arnaques-location-vacances.com\/wp-content\/uploads\/2021\/09\/cropped-cropped-logo.gif\",\"width\":250,\"height\":250,\"caption\":\"Stop aux arnaques \u00e0 la location de vacances\"},\"image\":{\"@id\":\"https:\/\/www.arnaques-location-vacances.com\/#\/schema\/logo\/image\/\"}},{\"@type\":\"WebSite\",\"@id\":\"https:\/\/www.arnaques-location-vacances.com\/#website\",\"url\":\"https:\/\/www.arnaques-location-vacances.com\/\",\"name\":\"Stop aux arnaques \u00e0 la location de vacances\",\"description\":\"Tout ce qu&#039;il faut savoir pour \u00e9chapper \u00e0 la fraude\",\"publisher\":{\"@id\":\"https:\/\/www.arnaques-location-vacances.com\/#organization\"},\"potentialAction\":[{\"@type\":\"SearchAction\",\"target\":{\"@type\":\"EntryPoint\",\"urlTemplate\":\"https:\/\/www.arnaques-location-vacances.com\/?s={search_term_string}\"},\"query-input\":\"required name=search_term_string\"}],\"inLanguage\":\"fr-FR\"},{\"@type\":\"WebPage\",\"@id\":\"https:\/\/www.arnaques-location-vacances.com\/index.php\/la-procedure-de-verification-des-annonces-a-risque\/\",\"url\":\"https:\/\/www.arnaques-location-vacances.com\/index.php\/la-procedure-de-verification-des-annonces-a-risque\/\",\"name\":\"Comment v\u00e9rifier une annonce ? - Arnaques-location-vacances.com\",\"isPartOf\":{\"@id\":\"https:\/\/www.arnaques-location-vacances.com\/#website\"},\"datePublished\":\"2021-09-01T12:39:26+00:00\",\"dateModified\":\"2023-07-25T11:24:06+00:00\",\"description\":\"Le calculateur de risque vous indique que l'annonce pr\u00e9sente un risque de fraude ? Comment v\u00e9rifier une annonce et sa l\u00e9gitimit\u00e9 ?\",\"breadcrumb\":{\"@id\":\"https:\/\/www.arnaques-location-vacances.com\/index.php\/la-procedure-de-verification-des-annonces-a-risque\/#breadcrumb\"},\"inLanguage\":\"fr-FR\",\"potentialAction\":[{\"@type\":\"ReadAction\",\"target\":[\"https:\/\/www.arnaques-location-vacances.com\/index.php\/la-procedure-de-verification-des-annonces-a-risque\/\"]}]},{\"@type\":\"BreadcrumbList\",\"@id\":\"https:\/\/www.arnaques-location-vacances.com\/index.php\/la-procedure-de-verification-des-annonces-a-risque\/#breadcrumb\",\"itemListElement\":[{\"@type\":\"ListItem\",\"position\":1,\"name\":\"Accueil\",\"item\":\"https:\/\/www.arnaques-location-vacances.com\/\"},{\"@type\":\"ListItem\",\"position\":2,\"name\":\"Annonces \u00e0 risque : comment les v\u00e9rifier ?\"}]}]}<\/script>\n<!-- \/ Yoast SEO plugin. -->","yoast_head_json":{"title":"Comment v\u00e9rifier une annonce ? - Arnaques-location-vacances.com","description":"Le calculateur de risque vous indique que l'annonce pr\u00e9sente un risque de fraude ? Comment v\u00e9rifier une annonce et sa l\u00e9gitimit\u00e9 ?","robots":{"index":"index","follow":"follow","max-snippet":"max-snippet:-1","max-image-preview":"max-image-preview:large","max-video-preview":"max-video-preview:-1"},"canonical":"https:\/\/www.arnaques-location-vacances.com\/index.php\/la-procedure-de-verification-des-annonces-a-risque\/","og_locale":"fr_FR","og_type":"article","og_title":"Comment v\u00e9rifier une annonce ? - Arnaques-location-vacances.com","og_description":"Le calculateur de risque vous indique que l'annonce pr\u00e9sente un risque de fraude ? Comment v\u00e9rifier une annonce et sa l\u00e9gitimit\u00e9 ?","og_url":"https:\/\/www.arnaques-location-vacances.com\/index.php\/la-procedure-de-verification-des-annonces-a-risque\/","og_site_name":"Stop aux arnaques \u00e0 la location de vacances","article_modified_time":"2023-07-25T11:24:06+00:00","twitter_card":"summary_large_image","twitter_misc":{"Dur\u00e9e de lecture estim\u00e9e":"4 minutes"},"schema":{"@context":"https:\/\/schema.org","@graph":[{"@type":"Organization","@id":"https:\/\/www.arnaques-location-vacances.com\/#organization","name":"Stop aux arnaques \u00e0 la location de vacances","url":"https:\/\/www.arnaques-location-vacances.com\/","sameAs":[],"logo":{"@type":"ImageObject","inLanguage":"fr-FR","@id":"https:\/\/www.arnaques-location-vacances.com\/#\/schema\/logo\/image\/","url":"https:\/\/www.arnaques-location-vacances.com\/wp-content\/uploads\/2021\/09\/cropped-cropped-logo.gif","contentUrl":"https:\/\/www.arnaques-location-vacances.com\/wp-content\/uploads\/2021\/09\/cropped-cropped-logo.gif","width":250,"height":250,"caption":"Stop aux arnaques \u00e0 la location de vacances"},"image":{"@id":"https:\/\/www.arnaques-location-vacances.com\/#\/schema\/logo\/image\/"}},{"@type":"WebSite","@id":"https:\/\/www.arnaques-location-vacances.com\/#website","url":"https:\/\/www.arnaques-location-vacances.com\/","name":"Stop aux arnaques \u00e0 la location de vacances","description":"Tout ce qu&#039;il faut savoir pour \u00e9chapper \u00e0 la fraude","publisher":{"@id":"https:\/\/www.arnaques-location-vacances.com\/#organization"},"potentialAction":[{"@type":"SearchAction","target":{"@type":"EntryPoint","urlTemplate":"https:\/\/www.arnaques-location-vacances.com\/?s={search_term_string}"},"query-input":"required name=search_term_string"}],"inLanguage":"fr-FR"},{"@type":"WebPage","@id":"https:\/\/www.arnaques-location-vacances.com\/index.php\/la-procedure-de-verification-des-annonces-a-risque\/","url":"https:\/\/www.arnaques-location-vacances.com\/index.php\/la-procedure-de-verification-des-annonces-a-risque\/","name":"Comment v\u00e9rifier une annonce ? - Arnaques-location-vacances.com","isPartOf":{"@id":"https:\/\/www.arnaques-location-vacances.com\/#website"},"datePublished":"2021-09-01T12:39:26+00:00","dateModified":"2023-07-25T11:24:06+00:00","description":"Le calculateur de risque vous indique que l'annonce pr\u00e9sente un risque de fraude ? Comment v\u00e9rifier une annonce et sa l\u00e9gitimit\u00e9 ?","breadcrumb":{"@id":"https:\/\/www.arnaques-location-vacances.com\/index.php\/la-procedure-de-verification-des-annonces-a-risque\/#breadcrumb"},"inLanguage":"fr-FR","potentialAction":[{"@type":"ReadAction","target":["https:\/\/www.arnaques-location-vacances.com\/index.php\/la-procedure-de-verification-des-annonces-a-risque\/"]}]},{"@type":"BreadcrumbList","@id":"https:\/\/www.arnaques-location-vacances.com\/index.php\/la-procedure-de-verification-des-annonces-a-risque\/#breadcrumb","itemListElement":[{"@type":"ListItem","position":1,"name":"Accueil","item":"https:\/\/www.arnaques-location-vacances.com\/"},{"@type":"ListItem","position":2,"name":"Annonces \u00e0 risque : comment les v\u00e9rifier ?"}]}]}},"_links":{"self":[{"href":"https:\/\/www.arnaques-location-vacances.com\/index.php\/wp-json\/wp\/v2\/pages\/99"}],"collection":[{"href":"https:\/\/www.arnaques-location-vacances.com\/index.php\/wp-json\/wp\/v2\/pages"}],"about":[{"href":"https:\/\/www.arnaques-location-vacances.com\/index.php\/wp-json\/wp\/v2\/types\/page"}],"author":[{"embeddable":true,"href":"https:\/\/www.arnaques-location-vacances.com\/index.php\/wp-json\/wp\/v2\/users\/1"}],"replies":[{"embeddable":true,"href":"https:\/\/www.arnaques-location-vacances.com\/index.php\/wp-json\/wp\/v2\/comments?post=99"}],"version-history":[{"count":56,"href":"https:\/\/www.arnaques-location-vacances.com\/index.php\/wp-json\/wp\/v2\/pages\/99\/revisions"}],"predecessor-version":[{"id":1476,"href":"https:\/\/www.arnaques-location-vacances.com\/index.php\/wp-json\/wp\/v2\/pages\/99\/revisions\/1476"}],"wp:attachment":[{"href":"https:\/\/www.arnaques-location-vacances.com\/index.php\/wp-json\/wp\/v2\/media?parent=99"}],"curies":[{"name":"wp","href":"https:\/\/api.w.org\/{rel}","templated":true}]}}