{"id":851,"date":"2021-11-04T16:23:51","date_gmt":"2021-11-04T15:23:51","guid":{"rendered":"https:\/\/www.arnaques-location-vacances.com\/?page_id=851"},"modified":"2023-11-15T11:40:16","modified_gmt":"2023-11-15T10:40:16","slug":"conseils-de-base","status":"publish","type":"page","link":"https:\/\/www.arnaques-location-vacances.com\/","title":{"rendered":"Accueil"},"content":{"rendered":"<p>Cette nouvelle a fait son effet dans le (petit) monde de la location de vacances.  Elle va faire r\u00e9fl\u00e9chir plus d&#8217;une plate-forme sur l&#8217;importance de la lutte contre la fraude. <br \/><br \/><a href=\"https:\/\/www.lesechos.fr\/industrie-services\/tourisme-transport\/tourisme-la-dgccrf-attaque-la-plateforme-de-location-abritel-1339386\">https:\/\/www.lesechos.fr\/industrie-services\/tourisme-transport\/tourisme-la-dgccrf-attaque-la-plateforme-de-location-abritel-1339386<\/a>&hellip; <a href=\"https:\/\/www.arnaques-location-vacances.com\/\" class=\"read-more\">Lire l'article  <\/a><\/p>","protected":false},"excerpt":{"rendered":"<p>Cette nouvelle a fait son effet dans le (petit) monde de la location de vacances.  Elle va faire r\u00e9fl\u00e9chir plus d&#8217;une plate-forme sur l&#8217;importance de la lutte contre la fraude. <br \/><br \/><a href=\"https:\/\/www.lesechos.fr\/industrie-services\/tourisme-transport\/tourisme-la-dgccrf-attaque-la-plateforme-de-location-abritel-1339386\">https:\/\/www.lesechos.fr\/industrie-services\/tourisme-transport\/tourisme-la-dgccrf-attaque-la-plateforme-de-location-abritel-1339386<\/a>&hellip; <a href=\"https:\/\/www.arnaques-location-vacances.com\/\" class=\"read-more\">Lire l'article  <\/a><\/p>","protected":false},"author":1,"featured_media":0,"parent":0,"menu_order":0,"comment_status":"closed","ping_status":"closed","template":"","meta":{"_eb_attr":"","eb_css":"","neve_meta_sidebar":"","neve_meta_container":"","neve_meta_enable_content_width":"","neve_meta_content_width":0,"neve_meta_title_alignment":"","neve_meta_author_avatar":"","neve_post_elements_order":"","neve_meta_disable_header":"","neve_meta_disable_footer":"","neve_meta_disable_title":""},"acf":[],"yoast_head":"<!-- This site is optimized with the Yoast SEO plugin v19.4 - https:\/\/yoast.com\/wordpress\/plugins\/seo\/ -->\n<title>Stop Arnaques Locations Vacances : le guide anti-fraude !<\/title>\n<meta name=\"description\" content=\"Tous les outils pour d\u00e9tecter et \u00e9viter les fraudes : calculateur de risque, contr\u00f4le de codes BIC, formation anti-phishing, actualit\u00e9s, etc.\" \/>\n<meta name=\"robots\" content=\"index, follow, max-snippet:-1, max-image-preview:large, max-video-preview:-1\" \/>\n<link rel=\"canonical\" href=\"https:\/\/www.arnaques-location-vacances.com\/\" \/>\n<meta property=\"og:locale\" content=\"fr_FR\" \/>\n<meta property=\"og:type\" content=\"article\" \/>\n<meta property=\"og:title\" content=\"Stop Arnaques Locations Vacances : le guide anti-fraude !\" \/>\n<meta property=\"og:description\" content=\"Tous les outils pour d\u00e9tecter et \u00e9viter les fraudes : calculateur de risque, contr\u00f4le de codes BIC, formation anti-phishing, actualit\u00e9s, etc.\" \/>\n<meta property=\"og:url\" content=\"https:\/\/www.arnaques-location-vacances.com\/\" \/>\n<meta property=\"og:site_name\" content=\"Stop aux arnaques \u00e0 la location de vacances\" \/>\n<meta property=\"article:modified_time\" content=\"2023-11-15T10:40:16+00:00\" \/>\n<meta name=\"twitter:card\" content=\"summary_large_image\" \/>\n<meta name=\"twitter:label1\" content=\"Dur\u00e9e de lecture estim\u00e9e\" \/>\n\t<meta name=\"twitter:data1\" content=\"4 minutes\" \/>\n<script type=\"application\/ld+json\" class=\"yoast-schema-graph\">{\"@context\":\"https:\/\/schema.org\",\"@graph\":[{\"@type\":\"Organization\",\"@id\":\"https:\/\/www.arnaques-location-vacances.com\/#organization\",\"name\":\"Stop aux arnaques \u00e0 la location de vacances\",\"url\":\"https:\/\/www.arnaques-location-vacances.com\/\",\"sameAs\":[],\"logo\":{\"@type\":\"ImageObject\",\"inLanguage\":\"fr-FR\",\"@id\":\"https:\/\/www.arnaques-location-vacances.com\/#\/schema\/logo\/image\/\",\"url\":\"https:\/\/www.arnaques-location-vacances.com\/wp-content\/uploads\/2021\/09\/cropped-cropped-logo.gif\",\"contentUrl\":\"https:\/\/www.arnaques-location-vacances.com\/wp-content\/uploads\/2021\/09\/cropped-cropped-logo.gif\",\"width\":250,\"height\":250,\"caption\":\"Stop aux arnaques \u00e0 la location de vacances\"},\"image\":{\"@id\":\"https:\/\/www.arnaques-location-vacances.com\/#\/schema\/logo\/image\/\"}},{\"@type\":\"WebSite\",\"@id\":\"https:\/\/www.arnaques-location-vacances.com\/#website\",\"url\":\"https:\/\/www.arnaques-location-vacances.com\/\",\"name\":\"Stop aux arnaques \u00e0 la location de vacances\",\"description\":\"Tout ce qu&#039;il faut savoir pour \u00e9chapper \u00e0 la fraude\",\"publisher\":{\"@id\":\"https:\/\/www.arnaques-location-vacances.com\/#organization\"},\"potentialAction\":[{\"@type\":\"SearchAction\",\"target\":{\"@type\":\"EntryPoint\",\"urlTemplate\":\"https:\/\/www.arnaques-location-vacances.com\/?s={search_term_string}\"},\"query-input\":\"required name=search_term_string\"}],\"inLanguage\":\"fr-FR\"},{\"@type\":\"WebPage\",\"@id\":\"https:\/\/www.arnaques-location-vacances.com\/\",\"url\":\"https:\/\/www.arnaques-location-vacances.com\/\",\"name\":\"Stop Arnaques Locations Vacances : le guide anti-fraude !\",\"isPartOf\":{\"@id\":\"https:\/\/www.arnaques-location-vacances.com\/#website\"},\"datePublished\":\"2021-11-04T15:23:51+00:00\",\"dateModified\":\"2023-11-15T10:40:16+00:00\",\"description\":\"Tous les outils pour d\u00e9tecter et \u00e9viter les fraudes : calculateur de risque, contr\u00f4le de codes BIC, formation anti-phishing, actualit\u00e9s, etc.\",\"breadcrumb\":{\"@id\":\"https:\/\/www.arnaques-location-vacances.com\/#breadcrumb\"},\"inLanguage\":\"fr-FR\",\"potentialAction\":[{\"@type\":\"ReadAction\",\"target\":[\"https:\/\/www.arnaques-location-vacances.com\/\"]}]},{\"@type\":\"BreadcrumbList\",\"@id\":\"https:\/\/www.arnaques-location-vacances.com\/#breadcrumb\",\"itemListElement\":[{\"@type\":\"ListItem\",\"position\":1,\"name\":\"Accueil\",\"item\":\"https:\/\/www.arnaques-location-vacances.com\/\"},{\"@type\":\"ListItem\",\"position\":2,\"name\":\"Accueil\"}]}]}<\/script>\n<!-- \/ Yoast SEO plugin. -->","yoast_head_json":{"title":"Stop Arnaques Locations Vacances : le guide anti-fraude !","description":"Tous les outils pour d\u00e9tecter et \u00e9viter les fraudes : calculateur de risque, contr\u00f4le de codes BIC, formation anti-phishing, actualit\u00e9s, etc.","robots":{"index":"index","follow":"follow","max-snippet":"max-snippet:-1","max-image-preview":"max-image-preview:large","max-video-preview":"max-video-preview:-1"},"canonical":"https:\/\/www.arnaques-location-vacances.com\/","og_locale":"fr_FR","og_type":"article","og_title":"Stop Arnaques Locations Vacances : le guide anti-fraude !","og_description":"Tous les outils pour d\u00e9tecter et \u00e9viter les fraudes : calculateur de risque, contr\u00f4le de codes BIC, formation anti-phishing, actualit\u00e9s, etc.","og_url":"https:\/\/www.arnaques-location-vacances.com\/","og_site_name":"Stop aux arnaques \u00e0 la location de vacances","article_modified_time":"2023-11-15T10:40:16+00:00","twitter_card":"summary_large_image","twitter_misc":{"Dur\u00e9e de lecture estim\u00e9e":"4 minutes"},"schema":{"@context":"https:\/\/schema.org","@graph":[{"@type":"Organization","@id":"https:\/\/www.arnaques-location-vacances.com\/#organization","name":"Stop aux arnaques \u00e0 la location de vacances","url":"https:\/\/www.arnaques-location-vacances.com\/","sameAs":[],"logo":{"@type":"ImageObject","inLanguage":"fr-FR","@id":"https:\/\/www.arnaques-location-vacances.com\/#\/schema\/logo\/image\/","url":"https:\/\/www.arnaques-location-vacances.com\/wp-content\/uploads\/2021\/09\/cropped-cropped-logo.gif","contentUrl":"https:\/\/www.arnaques-location-vacances.com\/wp-content\/uploads\/2021\/09\/cropped-cropped-logo.gif","width":250,"height":250,"caption":"Stop aux arnaques \u00e0 la location de vacances"},"image":{"@id":"https:\/\/www.arnaques-location-vacances.com\/#\/schema\/logo\/image\/"}},{"@type":"WebSite","@id":"https:\/\/www.arnaques-location-vacances.com\/#website","url":"https:\/\/www.arnaques-location-vacances.com\/","name":"Stop aux arnaques \u00e0 la location de vacances","description":"Tout ce qu&#039;il faut savoir pour \u00e9chapper \u00e0 la fraude","publisher":{"@id":"https:\/\/www.arnaques-location-vacances.com\/#organization"},"potentialAction":[{"@type":"SearchAction","target":{"@type":"EntryPoint","urlTemplate":"https:\/\/www.arnaques-location-vacances.com\/?s={search_term_string}"},"query-input":"required name=search_term_string"}],"inLanguage":"fr-FR"},{"@type":"WebPage","@id":"https:\/\/www.arnaques-location-vacances.com\/","url":"https:\/\/www.arnaques-location-vacances.com\/","name":"Stop Arnaques Locations Vacances : le guide anti-fraude !","isPartOf":{"@id":"https:\/\/www.arnaques-location-vacances.com\/#website"},"datePublished":"2021-11-04T15:23:51+00:00","dateModified":"2023-11-15T10:40:16+00:00","description":"Tous les outils pour d\u00e9tecter et \u00e9viter les fraudes : calculateur de risque, contr\u00f4le de codes BIC, formation anti-phishing, actualit\u00e9s, etc.","breadcrumb":{"@id":"https:\/\/www.arnaques-location-vacances.com\/#breadcrumb"},"inLanguage":"fr-FR","potentialAction":[{"@type":"ReadAction","target":["https:\/\/www.arnaques-location-vacances.com\/"]}]},{"@type":"BreadcrumbList","@id":"https:\/\/www.arnaques-location-vacances.com\/#breadcrumb","itemListElement":[{"@type":"ListItem","position":1,"name":"Accueil","item":"https:\/\/www.arnaques-location-vacances.com\/"},{"@type":"ListItem","position":2,"name":"Accueil"}]}]}},"_links":{"self":[{"href":"https:\/\/www.arnaques-location-vacances.com\/index.php\/wp-json\/wp\/v2\/pages\/851"}],"collection":[{"href":"https:\/\/www.arnaques-location-vacances.com\/index.php\/wp-json\/wp\/v2\/pages"}],"about":[{"href":"https:\/\/www.arnaques-location-vacances.com\/index.php\/wp-json\/wp\/v2\/types\/page"}],"author":[{"embeddable":true,"href":"https:\/\/www.arnaques-location-vacances.com\/index.php\/wp-json\/wp\/v2\/users\/1"}],"replies":[{"embeddable":true,"href":"https:\/\/www.arnaques-location-vacances.com\/index.php\/wp-json\/wp\/v2\/comments?post=851"}],"version-history":[{"count":117,"href":"https:\/\/www.arnaques-location-vacances.com\/index.php\/wp-json\/wp\/v2\/pages\/851\/revisions"}],"predecessor-version":[{"id":1496,"href":"https:\/\/www.arnaques-location-vacances.com\/index.php\/wp-json\/wp\/v2\/pages\/851\/revisions\/1496"}],"wp:attachment":[{"href":"https:\/\/www.arnaques-location-vacances.com\/index.php\/wp-json\/wp\/v2\/media?parent=851"}],"curies":[{"name":"wp","href":"https:\/\/api.w.org\/{rel}","templated":true}]}}