{"id":842,"date":"2021-11-04T15:55:49","date_gmt":"2021-11-04T14:55:49","guid":{"rendered":"https:\/\/www.arnaques-location-vacances.com\/?page_id=842"},"modified":"2021-11-16T12:11:04","modified_gmt":"2021-11-16T11:11:04","slug":"detection-bic-cartes-prepayees","status":"publish","type":"page","link":"https:\/\/www.arnaques-location-vacances.com\/index.php\/detection-bic-cartes-prepayees\/","title":{"rendered":"Contr\u00f4le code BIC (pays + carte pr\u00e9pay\u00e9e)"},"content":{"rendered":"\n<p><\/p>\n\n\n\n<section id=\"82c3b4\" class=\"section-82c3b4 gutentor-module gutentor-module-accordion\"><div class=\"grid-container\">\n<div id=\"cfad07\" class=\"wp-block-gutentor-m6-item section-cfad07 gutentor-module gutentor-module-accordion-item\"><div class=\"gutentor-module-accordion-panel g-a-panel-82c3b4\"><div class=\"gm-ah-82c3b4 gutentor-module-accordion-item-heading gutentor-module-icon-position-right\"><span class=\"gutentor-module-accordion-panel-handler\" role=\"button\"><span class=\"gutentor-module-accordion-panel-handler-label\">Pourquoi tester le code BIC avant de faire un virement dans le cadre d&#8217;une transaction internet ? <\/span><span class=\"gutentor-module-accordion-icon\"><i class=\"gm-aio-82c3b4 gutentor-module-accordion-icon-open fas fa-plus\"><\/i><i class=\"gm-aic-82c3b4 gutentor-module-accordion-icon-close fas fa-minus\"><\/i><\/span><\/span><\/div><div class=\"gm-ab-82c3b4 gutentor-module-accordion-body\">\n<div id=\"section-g8beae4\" class=\"wp-block-gutentor-e0 section-g8beae4 gutentor-element gutentor-element-advanced-text\"><div class=\"gutentor-text-wrap\"><p class=\"gutentor-text\">Dans la cadre de transactions sur internet, les cybercriminels peuvent demander  un virement sur leur &#8220;compte bancaire&#8221; en fournissant un code BIC et un IBAN \u00e0 leurs victimes. Il s&#8217;agit dans certains cas de donn\u00e9es bancaires associ\u00e9es \u00e0 des<strong> cartes bancaires pr\u00e9pay\u00e9es, <\/strong>tr\u00e8s faciles \u00e0 obtenir sur le web et <strong>beaucoup moins s\u00e9curis\u00e9es qu&#8217;un compte bancaire<\/strong>. Si les cartes pr\u00e9pay\u00e9es peuvent \u00eatre utilis\u00e9es par des annonceurs l\u00e9gitimes, <strong>une demande de virement sur une carte pr\u00e9pay\u00e9e entraine un risque de fraude \u00e9lev\u00e9.<\/strong><br><br>Par ailleurs, une demande de compte bancaire \u00e9tranger augmente \u00e9galement le risque de fraude. <br><br>Si vous devez faire un virement dans le cadre d&#8217;une transaction internet aupr\u00e8s d&#8217;un particulier, <strong>v\u00e9rifiez le syst\u00e9matiquement le code BIC<\/strong>. <br><br>Ce service est fourni gracieusement par la plate-forme MediaVacances.com.<\/p><\/div><\/div>\n<\/div><\/div><\/div>\n<\/div><\/section>\n\n\n\n<p><br><\/p>\n\n\n\n<section id=\"gm63f172e\" class=\"wp-block-gutentor-m3 section-gm63f172e gutentor-module gutentor-container-cover\"><div class=\"grid-container\">\n<\/div><\/section>\n\n\n\n<p><\/p>\n\n\n\n<p><\/p>\n\n\n\n<p><\/p>\n\n\n\n<p><\/p>\n","protected":false},"excerpt":{"rendered":"","protected":false},"author":1,"featured_media":0,"parent":0,"menu_order":0,"comment_status":"closed","ping_status":"closed","template":"","meta":{"_eb_attr":"","eb_css":"","neve_meta_sidebar":"","neve_meta_container":"","neve_meta_enable_content_width":"","neve_meta_content_width":0,"neve_meta_title_alignment":"","neve_meta_author_avatar":"","neve_post_elements_order":"","neve_meta_disable_header":"","neve_meta_disable_footer":"","neve_meta_disable_title":""},"acf":[],"yoast_head":"<!-- This site is optimized with the Yoast SEO plugin v19.4 - https:\/\/yoast.com\/wordpress\/plugins\/seo\/ -->\n<title>Contr\u00f4le code BIC (pays + carte pr\u00e9pay\u00e9e) - Stop aux arnaques \u00e0 la location de vacances<\/title>\n<meta name=\"robots\" content=\"index, follow, max-snippet:-1, max-image-preview:large, max-video-preview:-1\" \/>\n<link rel=\"canonical\" href=\"https:\/\/www.arnaques-location-vacances.com\/index.php\/detection-bic-cartes-prepayees\/\" \/>\n<meta property=\"og:locale\" content=\"fr_FR\" \/>\n<meta property=\"og:type\" content=\"article\" \/>\n<meta property=\"og:title\" content=\"Contr\u00f4le code BIC (pays + carte pr\u00e9pay\u00e9e) - Stop aux arnaques \u00e0 la location de vacances\" \/>\n<meta property=\"og:url\" content=\"https:\/\/www.arnaques-location-vacances.com\/index.php\/detection-bic-cartes-prepayees\/\" \/>\n<meta property=\"og:site_name\" content=\"Stop aux arnaques \u00e0 la location de vacances\" \/>\n<meta property=\"article:modified_time\" content=\"2021-11-16T11:11:04+00:00\" \/>\n<meta name=\"twitter:card\" content=\"summary_large_image\" \/>\n<meta name=\"twitter:label1\" content=\"Dur\u00e9e de lecture estim\u00e9e\" \/>\n\t<meta name=\"twitter:data1\" content=\"1 minute\" \/>\n<script type=\"application\/ld+json\" class=\"yoast-schema-graph\">{\"@context\":\"https:\/\/schema.org\",\"@graph\":[{\"@type\":\"Organization\",\"@id\":\"https:\/\/www.arnaques-location-vacances.com\/#organization\",\"name\":\"Stop aux arnaques \u00e0 la location de vacances\",\"url\":\"https:\/\/www.arnaques-location-vacances.com\/\",\"sameAs\":[],\"logo\":{\"@type\":\"ImageObject\",\"inLanguage\":\"fr-FR\",\"@id\":\"https:\/\/www.arnaques-location-vacances.com\/#\/schema\/logo\/image\/\",\"url\":\"https:\/\/www.arnaques-location-vacances.com\/wp-content\/uploads\/2021\/09\/cropped-cropped-logo.gif\",\"contentUrl\":\"https:\/\/www.arnaques-location-vacances.com\/wp-content\/uploads\/2021\/09\/cropped-cropped-logo.gif\",\"width\":250,\"height\":250,\"caption\":\"Stop aux arnaques \u00e0 la location de vacances\"},\"image\":{\"@id\":\"https:\/\/www.arnaques-location-vacances.com\/#\/schema\/logo\/image\/\"}},{\"@type\":\"WebSite\",\"@id\":\"https:\/\/www.arnaques-location-vacances.com\/#website\",\"url\":\"https:\/\/www.arnaques-location-vacances.com\/\",\"name\":\"Stop aux arnaques \u00e0 la location de vacances\",\"description\":\"Tout ce qu&#039;il faut savoir pour \u00e9chapper \u00e0 la fraude\",\"publisher\":{\"@id\":\"https:\/\/www.arnaques-location-vacances.com\/#organization\"},\"potentialAction\":[{\"@type\":\"SearchAction\",\"target\":{\"@type\":\"EntryPoint\",\"urlTemplate\":\"https:\/\/www.arnaques-location-vacances.com\/?s={search_term_string}\"},\"query-input\":\"required name=search_term_string\"}],\"inLanguage\":\"fr-FR\"},{\"@type\":\"WebPage\",\"@id\":\"https:\/\/www.arnaques-location-vacances.com\/index.php\/detection-bic-cartes-prepayees\/\",\"url\":\"https:\/\/www.arnaques-location-vacances.com\/index.php\/detection-bic-cartes-prepayees\/\",\"name\":\"Contr\u00f4le code BIC (pays + carte pr\u00e9pay\u00e9e) - Stop aux arnaques \u00e0 la location de vacances\",\"isPartOf\":{\"@id\":\"https:\/\/www.arnaques-location-vacances.com\/#website\"},\"datePublished\":\"2021-11-04T14:55:49+00:00\",\"dateModified\":\"2021-11-16T11:11:04+00:00\",\"breadcrumb\":{\"@id\":\"https:\/\/www.arnaques-location-vacances.com\/index.php\/detection-bic-cartes-prepayees\/#breadcrumb\"},\"inLanguage\":\"fr-FR\",\"potentialAction\":[{\"@type\":\"ReadAction\",\"target\":[\"https:\/\/www.arnaques-location-vacances.com\/index.php\/detection-bic-cartes-prepayees\/\"]}]},{\"@type\":\"BreadcrumbList\",\"@id\":\"https:\/\/www.arnaques-location-vacances.com\/index.php\/detection-bic-cartes-prepayees\/#breadcrumb\",\"itemListElement\":[{\"@type\":\"ListItem\",\"position\":1,\"name\":\"Accueil\",\"item\":\"https:\/\/www.arnaques-location-vacances.com\/\"},{\"@type\":\"ListItem\",\"position\":2,\"name\":\"Contr\u00f4le code BIC (pays + carte pr\u00e9pay\u00e9e)\"}]}]}<\/script>\n<!-- \/ Yoast SEO plugin. -->","yoast_head_json":{"title":"Contr\u00f4le code BIC (pays + carte pr\u00e9pay\u00e9e) - Stop aux arnaques \u00e0 la location de vacances","robots":{"index":"index","follow":"follow","max-snippet":"max-snippet:-1","max-image-preview":"max-image-preview:large","max-video-preview":"max-video-preview:-1"},"canonical":"https:\/\/www.arnaques-location-vacances.com\/index.php\/detection-bic-cartes-prepayees\/","og_locale":"fr_FR","og_type":"article","og_title":"Contr\u00f4le code BIC (pays + carte pr\u00e9pay\u00e9e) - Stop aux arnaques \u00e0 la location de vacances","og_url":"https:\/\/www.arnaques-location-vacances.com\/index.php\/detection-bic-cartes-prepayees\/","og_site_name":"Stop aux arnaques \u00e0 la location de vacances","article_modified_time":"2021-11-16T11:11:04+00:00","twitter_card":"summary_large_image","twitter_misc":{"Dur\u00e9e de lecture estim\u00e9e":"1 minute"},"schema":{"@context":"https:\/\/schema.org","@graph":[{"@type":"Organization","@id":"https:\/\/www.arnaques-location-vacances.com\/#organization","name":"Stop aux arnaques \u00e0 la location de vacances","url":"https:\/\/www.arnaques-location-vacances.com\/","sameAs":[],"logo":{"@type":"ImageObject","inLanguage":"fr-FR","@id":"https:\/\/www.arnaques-location-vacances.com\/#\/schema\/logo\/image\/","url":"https:\/\/www.arnaques-location-vacances.com\/wp-content\/uploads\/2021\/09\/cropped-cropped-logo.gif","contentUrl":"https:\/\/www.arnaques-location-vacances.com\/wp-content\/uploads\/2021\/09\/cropped-cropped-logo.gif","width":250,"height":250,"caption":"Stop aux arnaques \u00e0 la location de vacances"},"image":{"@id":"https:\/\/www.arnaques-location-vacances.com\/#\/schema\/logo\/image\/"}},{"@type":"WebSite","@id":"https:\/\/www.arnaques-location-vacances.com\/#website","url":"https:\/\/www.arnaques-location-vacances.com\/","name":"Stop aux arnaques \u00e0 la location de vacances","description":"Tout ce qu&#039;il faut savoir pour \u00e9chapper \u00e0 la fraude","publisher":{"@id":"https:\/\/www.arnaques-location-vacances.com\/#organization"},"potentialAction":[{"@type":"SearchAction","target":{"@type":"EntryPoint","urlTemplate":"https:\/\/www.arnaques-location-vacances.com\/?s={search_term_string}"},"query-input":"required name=search_term_string"}],"inLanguage":"fr-FR"},{"@type":"WebPage","@id":"https:\/\/www.arnaques-location-vacances.com\/index.php\/detection-bic-cartes-prepayees\/","url":"https:\/\/www.arnaques-location-vacances.com\/index.php\/detection-bic-cartes-prepayees\/","name":"Contr\u00f4le code BIC (pays + carte pr\u00e9pay\u00e9e) - Stop aux arnaques \u00e0 la location de vacances","isPartOf":{"@id":"https:\/\/www.arnaques-location-vacances.com\/#website"},"datePublished":"2021-11-04T14:55:49+00:00","dateModified":"2021-11-16T11:11:04+00:00","breadcrumb":{"@id":"https:\/\/www.arnaques-location-vacances.com\/index.php\/detection-bic-cartes-prepayees\/#breadcrumb"},"inLanguage":"fr-FR","potentialAction":[{"@type":"ReadAction","target":["https:\/\/www.arnaques-location-vacances.com\/index.php\/detection-bic-cartes-prepayees\/"]}]},{"@type":"BreadcrumbList","@id":"https:\/\/www.arnaques-location-vacances.com\/index.php\/detection-bic-cartes-prepayees\/#breadcrumb","itemListElement":[{"@type":"ListItem","position":1,"name":"Accueil","item":"https:\/\/www.arnaques-location-vacances.com\/"},{"@type":"ListItem","position":2,"name":"Contr\u00f4le code BIC (pays + carte pr\u00e9pay\u00e9e)"}]}]}},"_links":{"self":[{"href":"https:\/\/www.arnaques-location-vacances.com\/index.php\/wp-json\/wp\/v2\/pages\/842"}],"collection":[{"href":"https:\/\/www.arnaques-location-vacances.com\/index.php\/wp-json\/wp\/v2\/pages"}],"about":[{"href":"https:\/\/www.arnaques-location-vacances.com\/index.php\/wp-json\/wp\/v2\/types\/page"}],"author":[{"embeddable":true,"href":"https:\/\/www.arnaques-location-vacances.com\/index.php\/wp-json\/wp\/v2\/users\/1"}],"replies":[{"embeddable":true,"href":"https:\/\/www.arnaques-location-vacances.com\/index.php\/wp-json\/wp\/v2\/comments?post=842"}],"version-history":[{"count":23,"href":"https:\/\/www.arnaques-location-vacances.com\/index.php\/wp-json\/wp\/v2\/pages\/842\/revisions"}],"predecessor-version":[{"id":1402,"href":"https:\/\/www.arnaques-location-vacances.com\/index.php\/wp-json\/wp\/v2\/pages\/842\/revisions\/1402"}],"wp:attachment":[{"href":"https:\/\/www.arnaques-location-vacances.com\/index.php\/wp-json\/wp\/v2\/media?parent=842"}],"curies":[{"name":"wp","href":"https:\/\/api.w.org\/{rel}","templated":true}]}}