{"id":79,"date":"2021-09-24T11:09:56","date_gmt":"2021-09-24T09:09:56","guid":{"rendered":"https:\/\/arnaques-location-vacances.com\/?page_id=79"},"modified":"2023-03-29T17:04:55","modified_gmt":"2023-03-29T15:04:55","slug":"contact","status":"publish","type":"page","link":"https:\/\/www.arnaques-location-vacances.com\/index.php\/contact\/","title":{"rendered":"Contact"},"content":{"rendered":"\n<p>Pour contacter l&#8217;auteur du blog, utilisez le formulaire ci-dessous. <br><\/p>\n\n\n\n<div id=\"section-g4d6c2a\" class=\"wp-block-gutentor-e7 section-g4d6c2a gutentor-element gutentor-element-list\"><ul class=\"grid-row gutentor-grid-item-wrap list-indicator-icon\"><li class=\"gutentor-list-item grid-lg-12 grid-md-12 grid-12\"><span class=\"gutentor-single-item gutentor-single-item-0\"><span class=\"gutentor-list-item-wrap g-s-list-wrap\"><span class=\"gutentor-single-list-item-icon\"><i class=\"list-item-icon fas fa-arrow-right\"><\/i><\/span><span class=\"gutentor-list-item\"><p class=\"gutentor-single-item-title\">List Item<\/p><\/span><\/span><\/span><\/li><\/ul><\/div>\n\n\n\n<p><br><\/p>\n\n\n<div class=\"wpforms-container wpforms-container-full wpforms-block\" id=\"wpforms-108\"><form id=\"wpforms-form-108\" class=\"wpforms-validate wpforms-form wpforms-ajax-form\" data-formid=\"108\" method=\"post\" enctype=\"multipart\/form-data\" action=\"\/index.php\/wp-json\/wp\/v2\/pages\/79\" data-token=\"c0682fe763247334811eed5170af35e8\" data-token-time=\"1776406724\"><noscript class=\"wpforms-error-noscript\">Veuillez activer JavaScript dans votre navigateur pour remplir ce formulaire.<\/noscript><div class=\"wpforms-field-container\"><div id=\"wpforms-108-field_0-container\" class=\"wpforms-field wpforms-field-name\" data-field-id=\"0\"><label class=\"wpforms-field-label\">Nom <span class=\"wpforms-required-label\">*<\/span><\/label><div class=\"wpforms-field-row wpforms-field-medium\"><div class=\"wpforms-field-row-block wpforms-first wpforms-one-half\"><input type=\"text\" id=\"wpforms-108-field_0\" class=\"wpforms-field-name-first wpforms-field-required\" name=\"wpforms[fields][0][first]\" required><label for=\"wpforms-108-field_0\" class=\"wpforms-field-sublabel after\">Pr\u00e9nom<\/label><\/div><div class=\"wpforms-field-row-block wpforms-one-half\"><input type=\"text\" id=\"wpforms-108-field_0-last\" class=\"wpforms-field-name-last wpforms-field-required\" name=\"wpforms[fields][0][last]\" required><label for=\"wpforms-108-field_0-last\" class=\"wpforms-field-sublabel after\">Nom<\/label><\/div><\/div><\/div><div id=\"wpforms-108-field_1-container\" class=\"wpforms-field wpforms-field-email\" data-field-id=\"1\"><label class=\"wpforms-field-label\" for=\"wpforms-108-field_1\">Email <span class=\"wpforms-required-label\">*<\/span><\/label><input type=\"email\" id=\"wpforms-108-field_1\" class=\"wpforms-field-medium wpforms-field-required\" name=\"wpforms[fields][1]\" spellcheck=\"false\" required><\/div><div id=\"wpforms-108-field_2-container\" class=\"wpforms-field wpforms-field-textarea\" data-field-id=\"2\"><label class=\"wpforms-field-label\" for=\"wpforms-108-field_2\">Message <span class=\"wpforms-required-label\">*<\/span><\/label><textarea id=\"wpforms-108-field_2\" class=\"wpforms-field-medium wpforms-field-required\" name=\"wpforms[fields][2]\" required><\/textarea><\/div><\/div><!-- .wpforms-field-container --><div class=\"wpforms-submit-container\" ><input type=\"hidden\" name=\"wpforms[id]\" value=\"108\"><input type=\"hidden\" name=\"page_title\" value=\"\"><input type=\"hidden\" name=\"page_url\" value=\"https:\/\/www.arnaques-location-vacances.com\/index.php\/wp-json\/wp\/v2\/pages\/79\"><input type=\"hidden\" name=\"url_referer\" value=\"\"><button type=\"submit\" name=\"wpforms[submit]\" id=\"wpforms-submit-108\" class=\"wpforms-submit\" data-alt-text=\"Envoi en cours\" data-submit-text=\"Envoyer\" aria-live=\"assertive\" value=\"wpforms-submit\">Envoyer<\/button><img loading=\"lazy\" src=\"https:\/\/www.arnaques-location-vacances.com\/wp-content\/plugins\/wpforms-lite\/assets\/images\/submit-spin.svg\" class=\"wpforms-submit-spinner\" style=\"display: none;\" width=\"26\" height=\"26\" alt=\"Chargement en cours\"><\/div><\/form><\/div>  <!-- .wpforms-container -->\n\n\n<p><\/p>\n","protected":false},"excerpt":{"rendered":"<p>Pour contacter l&#8217;auteur du blog, utilisez le formulaire ci-dessous.<\/p>\n","protected":false},"author":1,"featured_media":0,"parent":0,"menu_order":0,"comment_status":"closed","ping_status":"closed","template":"","meta":{"_eb_attr":"","eb_css":"","neve_meta_sidebar":"","neve_meta_container":"","neve_meta_enable_content_width":"","neve_meta_content_width":0,"neve_meta_title_alignment":"","neve_meta_author_avatar":"","neve_post_elements_order":"","neve_meta_disable_header":"","neve_meta_disable_footer":"","neve_meta_disable_title":""},"acf":[],"yoast_head":"<!-- This site is optimized with the Yoast SEO plugin v19.4 - https:\/\/yoast.com\/wordpress\/plugins\/seo\/ -->\n<title>Contact - Arnaques location vacances<\/title>\n<meta name=\"description\" content=\"Formulaire pour contacter l&#039;auteur du blog\" \/>\n<meta name=\"robots\" content=\"index, follow, max-snippet:-1, max-image-preview:large, max-video-preview:-1\" \/>\n<link rel=\"canonical\" href=\"https:\/\/www.arnaques-location-vacances.com\/index.php\/contact\/\" \/>\n<meta property=\"og:locale\" content=\"fr_FR\" \/>\n<meta property=\"og:type\" content=\"article\" \/>\n<meta property=\"og:title\" content=\"Contact - Arnaques location vacances\" \/>\n<meta property=\"og:description\" content=\"Formulaire pour contacter l&#039;auteur du blog\" \/>\n<meta property=\"og:url\" content=\"https:\/\/www.arnaques-location-vacances.com\/index.php\/contact\/\" \/>\n<meta property=\"og:site_name\" content=\"Stop aux arnaques \u00e0 la location de vacances\" \/>\n<meta property=\"article:modified_time\" content=\"2023-03-29T15:04:55+00:00\" \/>\n<meta name=\"twitter:card\" content=\"summary_large_image\" \/>\n<meta name=\"twitter:label1\" content=\"Dur\u00e9e de lecture estim\u00e9e\" \/>\n\t<meta name=\"twitter:data1\" content=\"1 minute\" \/>\n<script type=\"application\/ld+json\" class=\"yoast-schema-graph\">{\"@context\":\"https:\/\/schema.org\",\"@graph\":[{\"@type\":\"Organization\",\"@id\":\"https:\/\/www.arnaques-location-vacances.com\/#organization\",\"name\":\"Stop aux arnaques \u00e0 la location de vacances\",\"url\":\"https:\/\/www.arnaques-location-vacances.com\/\",\"sameAs\":[],\"logo\":{\"@type\":\"ImageObject\",\"inLanguage\":\"fr-FR\",\"@id\":\"https:\/\/www.arnaques-location-vacances.com\/#\/schema\/logo\/image\/\",\"url\":\"https:\/\/www.arnaques-location-vacances.com\/wp-content\/uploads\/2021\/09\/cropped-cropped-logo.gif\",\"contentUrl\":\"https:\/\/www.arnaques-location-vacances.com\/wp-content\/uploads\/2021\/09\/cropped-cropped-logo.gif\",\"width\":250,\"height\":250,\"caption\":\"Stop aux arnaques \u00e0 la location de vacances\"},\"image\":{\"@id\":\"https:\/\/www.arnaques-location-vacances.com\/#\/schema\/logo\/image\/\"}},{\"@type\":\"WebSite\",\"@id\":\"https:\/\/www.arnaques-location-vacances.com\/#website\",\"url\":\"https:\/\/www.arnaques-location-vacances.com\/\",\"name\":\"Stop aux arnaques \u00e0 la location de vacances\",\"description\":\"Tout ce qu&#039;il faut savoir pour \u00e9chapper \u00e0 la fraude\",\"publisher\":{\"@id\":\"https:\/\/www.arnaques-location-vacances.com\/#organization\"},\"potentialAction\":[{\"@type\":\"SearchAction\",\"target\":{\"@type\":\"EntryPoint\",\"urlTemplate\":\"https:\/\/www.arnaques-location-vacances.com\/?s={search_term_string}\"},\"query-input\":\"required name=search_term_string\"}],\"inLanguage\":\"fr-FR\"},{\"@type\":\"WebPage\",\"@id\":\"https:\/\/www.arnaques-location-vacances.com\/index.php\/contact\/\",\"url\":\"https:\/\/www.arnaques-location-vacances.com\/index.php\/contact\/\",\"name\":\"Contact - Arnaques location vacances\",\"isPartOf\":{\"@id\":\"https:\/\/www.arnaques-location-vacances.com\/#website\"},\"datePublished\":\"2021-09-24T09:09:56+00:00\",\"dateModified\":\"2023-03-29T15:04:55+00:00\",\"description\":\"Formulaire pour contacter l'auteur du blog\",\"breadcrumb\":{\"@id\":\"https:\/\/www.arnaques-location-vacances.com\/index.php\/contact\/#breadcrumb\"},\"inLanguage\":\"fr-FR\",\"potentialAction\":[{\"@type\":\"ReadAction\",\"target\":[\"https:\/\/www.arnaques-location-vacances.com\/index.php\/contact\/\"]}]},{\"@type\":\"BreadcrumbList\",\"@id\":\"https:\/\/www.arnaques-location-vacances.com\/index.php\/contact\/#breadcrumb\",\"itemListElement\":[{\"@type\":\"ListItem\",\"position\":1,\"name\":\"Accueil\",\"item\":\"https:\/\/www.arnaques-location-vacances.com\/\"},{\"@type\":\"ListItem\",\"position\":2,\"name\":\"Contact\"}]}]}<\/script>\n<!-- \/ Yoast SEO plugin. -->","yoast_head_json":{"title":"Contact - Arnaques location vacances","description":"Formulaire pour contacter l'auteur du blog","robots":{"index":"index","follow":"follow","max-snippet":"max-snippet:-1","max-image-preview":"max-image-preview:large","max-video-preview":"max-video-preview:-1"},"canonical":"https:\/\/www.arnaques-location-vacances.com\/index.php\/contact\/","og_locale":"fr_FR","og_type":"article","og_title":"Contact - Arnaques location vacances","og_description":"Formulaire pour contacter l'auteur du blog","og_url":"https:\/\/www.arnaques-location-vacances.com\/index.php\/contact\/","og_site_name":"Stop aux arnaques \u00e0 la location de vacances","article_modified_time":"2023-03-29T15:04:55+00:00","twitter_card":"summary_large_image","twitter_misc":{"Dur\u00e9e de lecture estim\u00e9e":"1 minute"},"schema":{"@context":"https:\/\/schema.org","@graph":[{"@type":"Organization","@id":"https:\/\/www.arnaques-location-vacances.com\/#organization","name":"Stop aux arnaques \u00e0 la location de vacances","url":"https:\/\/www.arnaques-location-vacances.com\/","sameAs":[],"logo":{"@type":"ImageObject","inLanguage":"fr-FR","@id":"https:\/\/www.arnaques-location-vacances.com\/#\/schema\/logo\/image\/","url":"https:\/\/www.arnaques-location-vacances.com\/wp-content\/uploads\/2021\/09\/cropped-cropped-logo.gif","contentUrl":"https:\/\/www.arnaques-location-vacances.com\/wp-content\/uploads\/2021\/09\/cropped-cropped-logo.gif","width":250,"height":250,"caption":"Stop aux arnaques \u00e0 la location de vacances"},"image":{"@id":"https:\/\/www.arnaques-location-vacances.com\/#\/schema\/logo\/image\/"}},{"@type":"WebSite","@id":"https:\/\/www.arnaques-location-vacances.com\/#website","url":"https:\/\/www.arnaques-location-vacances.com\/","name":"Stop aux arnaques \u00e0 la location de vacances","description":"Tout ce qu&#039;il faut savoir pour \u00e9chapper \u00e0 la fraude","publisher":{"@id":"https:\/\/www.arnaques-location-vacances.com\/#organization"},"potentialAction":[{"@type":"SearchAction","target":{"@type":"EntryPoint","urlTemplate":"https:\/\/www.arnaques-location-vacances.com\/?s={search_term_string}"},"query-input":"required name=search_term_string"}],"inLanguage":"fr-FR"},{"@type":"WebPage","@id":"https:\/\/www.arnaques-location-vacances.com\/index.php\/contact\/","url":"https:\/\/www.arnaques-location-vacances.com\/index.php\/contact\/","name":"Contact - Arnaques location vacances","isPartOf":{"@id":"https:\/\/www.arnaques-location-vacances.com\/#website"},"datePublished":"2021-09-24T09:09:56+00:00","dateModified":"2023-03-29T15:04:55+00:00","description":"Formulaire pour contacter l'auteur du blog","breadcrumb":{"@id":"https:\/\/www.arnaques-location-vacances.com\/index.php\/contact\/#breadcrumb"},"inLanguage":"fr-FR","potentialAction":[{"@type":"ReadAction","target":["https:\/\/www.arnaques-location-vacances.com\/index.php\/contact\/"]}]},{"@type":"BreadcrumbList","@id":"https:\/\/www.arnaques-location-vacances.com\/index.php\/contact\/#breadcrumb","itemListElement":[{"@type":"ListItem","position":1,"name":"Accueil","item":"https:\/\/www.arnaques-location-vacances.com\/"},{"@type":"ListItem","position":2,"name":"Contact"}]}]}},"_links":{"self":[{"href":"https:\/\/www.arnaques-location-vacances.com\/index.php\/wp-json\/wp\/v2\/pages\/79"}],"collection":[{"href":"https:\/\/www.arnaques-location-vacances.com\/index.php\/wp-json\/wp\/v2\/pages"}],"about":[{"href":"https:\/\/www.arnaques-location-vacances.com\/index.php\/wp-json\/wp\/v2\/types\/page"}],"author":[{"embeddable":true,"href":"https:\/\/www.arnaques-location-vacances.com\/index.php\/wp-json\/wp\/v2\/users\/1"}],"replies":[{"embeddable":true,"href":"https:\/\/www.arnaques-location-vacances.com\/index.php\/wp-json\/wp\/v2\/comments?post=79"}],"version-history":[{"count":10,"href":"https:\/\/www.arnaques-location-vacances.com\/index.php\/wp-json\/wp\/v2\/pages\/79\/revisions"}],"predecessor-version":[{"id":1420,"href":"https:\/\/www.arnaques-location-vacances.com\/index.php\/wp-json\/wp\/v2\/pages\/79\/revisions\/1420"}],"wp:attachment":[{"href":"https:\/\/www.arnaques-location-vacances.com\/index.php\/wp-json\/wp\/v2\/media?parent=79"}],"curies":[{"name":"wp","href":"https:\/\/api.w.org\/{rel}","templated":true}]}}