{"id":1367,"date":"2022-08-24T14:12:58","date_gmt":"2022-08-24T12:12:58","guid":{"rendered":"https:\/\/www.arnaques-location-vacances.com\/?page_id=1367"},"modified":"2022-08-24T15:23:28","modified_gmt":"2022-08-24T13:23:28","slug":"lutter-efficacement-contre-la-fraude","status":"publish","type":"page","link":"https:\/\/www.arnaques-location-vacances.com\/index.php\/lutter-efficacement-contre-la-fraude\/","title":{"rendered":"Lutter efficacement contre la fraude"},"content":{"rendered":"\n<p>Les r\u00e9sultats obtenus par la plate-forme MediaVacances.com en mati\u00e8re de lutte contre la fraude montre que les arnaques \u00e0 la location saisonni\u00e8re ne sont pas une fatalit\u00e9. <strong>Avec des outils et proc\u00e9dures adapt\u00e9s<\/strong> et <strong>une bonne information des utilisateurs<\/strong>, il est possible d&#8217;atteindre un taux de fraude nul. <br><\/p>\n\n\n\n<h1>La responsabilit\u00e9 des plate-formes<\/h1>\n\n\n\n<p>Les plates-formes de location de vacances ont une obligation de moyens (et non pas une obligation de r\u00e9sultat) au regard de la lutte contre la fraude. Des outils et proc\u00e9dures adapt\u00e9es doivent permettre d&#8217;obtenir un taux de fraude nul ou quasi-nul. Force est de constater qu&#8217;elles n&#8217;ont pas h\u00e9las toutes le m\u00eame niveau d&#8217;investissement. Il nous est arriv\u00e9 de pr\u00e9venir certaines plates-formes concurrentes de l&#8217;existence d&#8217;une annonce frauduleuse dans leur listing et de nous apercevoir que l&#8217;annonce \u00e9tait encore en ligne 15 jours plus tard&#8230;<\/p>\n\n\n\n<h1>La responsabilit\u00e9 des internautes<\/h1>\n\n\n\n<p>S&#8217;il arrive que les plates-formes de location de vacances soient accus\u00e9es de n\u00e9gligence, les  internautes font parfois preuve d&#8217;une na\u00efvet\u00e9 ou d&#8217;un manque vigilance flagrant, voire de comportement fautif conduisant \u00e0 son propre pr\u00e9judice. <br><br><strong>La vigilance est de mise lorsque l&#8217;on effectue des transactions sur internet, dans le domaine de la location de vacances, comme tous les autres<\/strong>. Il est de la responsabilit\u00e9 de l&#8217;internaute d&#8217;assurer la s\u00e9curit\u00e9 de son mat\u00e9riel informatique, d&#8217;installer un antivirus, de d\u00e9tecter les emails de phishing, de s&#8217;assurer qu&#8217;il paye sur le bon site, etc.  <br><br>Certains types de fraude sont ind\u00e9tectables par la plate-forme et reposent sur la vigilance du futur locataire. C&#8217;est le cas des <strong>fraudes de phishing<\/strong> lorsque le fraudeur envoie un email imitant celui de la plate-forme au locataire demandant un paiement sur un compte. L&#8217;email ne passe pas par la plate-forme et ne peut donc pas \u00eatre d\u00e9tect\u00e9. <\/p>\n\n\n\n<section id=\"gm8538b41\" class=\"wp-block-gutentor-m3 section-gm8538b41 gutentor-module gutentor-container-cover has-color-bg has-custom-bg\"><div class=\"grid-container\">\n<p class=\"has-small-font-size\"><i class=\"fas fa-user-shield\"><\/i> <strong>Int\u00e9gration de la proc\u00e9dure de r\u00e9servation dans la messagerie s\u00e9curis\u00e9e<\/strong><br><br>L&#8217;envoi d&#8217;un email par la plate-forme permettant au locataire de r\u00e9server et de payer permet potentiellement au fraudeur d&#8217;envoyer un email de &#8220;phishing&#8221; imitant celui du site. Pour palier \u00e0 cette faille de s\u00e9curit\u00e9, certaines plates-formes de location de vacances int\u00e8grent la proc\u00e9dure de r\u00e9servation dans la messagerie. Le locataire est inform\u00e9 qu&#8217;il devra imp\u00e9rativement cliquer sur un bouton disponible dans son espace de discussion avec le propri\u00e9taire pour confirmer la r\u00e9servation. <\/p>\n\n\n\n<div id=\"section-g0df454\" class=\"wp-block-gutentor-e6 section-g0df454 gutentor-element gutentor-element-image\"><div class=\"gutentor-element-image-box\"><div class=\"gutentor-image-thumb\"><img class=\"normal-image\" src=\"https:\/\/www.arnaques-location-vacances.com\/wp-content\/uploads\/2022\/08\/messagerie-se\u0301curise\u0301e-MediaVacances.jpg\" alt=\"Messagreie s\u00e9curis\u00e9e MediaVacances\"\/><\/div><\/div><\/div>\n<\/div><\/section>\n\n\n\n<p><\/p>\n\n\n\n<p><strong>Par ailleurs, il arrive que ce soit comportement fautif de la victime qui permette la fraude. <\/strong>C&#8217;est le cas en particulier, lorsque le futur vacancier accepte ou demande de communiquer sur un autre support que ceux autoris\u00e9s par la plate-forme ou qu&#8217;il accepte de contourner le syst\u00e8me de paiement de la plate-forme en \u00e9change d&#8217;une r\u00e9duction de tarif. <br><\/p>\n\n\n\n<section id=\"gm6938240\" class=\"wp-block-gutentor-m3 section-gm6938240 gutentor-module gutentor-container-cover has-color-bg has-custom-bg\"><div class=\"grid-container\">\n<p class=\"has-small-font-size\"><i class=\"fas fa-user-shield\"><\/i> <strong>Respectez les consignes des plates-formes de location de vacances <\/strong><\/p>\n\n\n\n<p class=\"has-small-font-size\">Les sites peuvent \u00e9mettre diff\u00e9rentes consignes de s\u00e9curit\u00e9 ou de paiement en fonction de leur strat\u00e9gie en mati\u00e8re de lutte contre les arnaques. Il est imp\u00e9ratif de les suivre \u00e0 la lettre.<strong> Il est en particulier fortement d\u00e9conseill\u00e9 d&#8217;utiliser d&#8217;autres supports de communication que ceux indiqu\u00e9s par la plate-forme ou de contourner le service de paiement de la plate-forme, si celui-ci est obligatoire. <\/strong><\/p>\n<\/div><\/section>\n","protected":false},"excerpt":{"rendered":"<p>Les r\u00e9sultats obtenus par la plate-forme MediaVacances.com en mati\u00e8re de lutte contre la fraude montre que les arnaques \u00e0 la location saisonni\u00e8re ne sont pas une fatalit\u00e9. Avec des outils et proc\u00e9dures adapt\u00e9s et une bonne information des utilisateurs, il est possible d&#8217;atteindre un taux de fraude nul. La responsabilit\u00e9 des plate-formes Les plates-formes de&hellip;&nbsp;<a href=\"https:\/\/www.arnaques-location-vacances.com\/index.php\/lutter-efficacement-contre-la-fraude\/\" class=\"\" rel=\"bookmark\">Lire la suite &raquo;<span class=\"screen-reader-text\">Lutter efficacement contre la fraude<\/span><\/a><\/p>\n","protected":false},"author":1,"featured_media":0,"parent":0,"menu_order":0,"comment_status":"closed","ping_status":"closed","template":"","meta":{"_eb_attr":"","eb_css":"","neve_meta_sidebar":"","neve_meta_container":"","neve_meta_enable_content_width":"","neve_meta_content_width":0,"neve_meta_title_alignment":"","neve_meta_author_avatar":"","neve_post_elements_order":"","neve_meta_disable_header":"","neve_meta_disable_footer":"","neve_meta_disable_title":""},"acf":[],"yoast_head":"<!-- This site is optimized with the Yoast SEO plugin v19.4 - https:\/\/yoast.com\/wordpress\/plugins\/seo\/ -->\n<title>Lutter efficacement contre la fraude - Stop aux arnaques \u00e0 la location de vacances<\/title>\n<meta name=\"robots\" content=\"index, follow, max-snippet:-1, max-image-preview:large, max-video-preview:-1\" \/>\n<link rel=\"canonical\" href=\"https:\/\/www.arnaques-location-vacances.com\/index.php\/lutter-efficacement-contre-la-fraude\/\" \/>\n<meta property=\"og:locale\" content=\"fr_FR\" \/>\n<meta property=\"og:type\" content=\"article\" \/>\n<meta property=\"og:title\" content=\"Lutter efficacement contre la fraude - Stop aux arnaques \u00e0 la location de vacances\" \/>\n<meta property=\"og:description\" content=\"Les r\u00e9sultats obtenus par la plate-forme MediaVacances.com en mati\u00e8re de lutte contre la fraude montre que les arnaques \u00e0 la location saisonni\u00e8re ne sont pas une fatalit\u00e9. Avec des outils et proc\u00e9dures adapt\u00e9s et une bonne information des utilisateurs, il est possible d&#8217;atteindre un taux de fraude nul. La responsabilit\u00e9 des plate-formes Les plates-formes de&hellip;&nbsp;Lire la suite &raquo;Lutter efficacement contre la fraude\" \/>\n<meta property=\"og:url\" content=\"https:\/\/www.arnaques-location-vacances.com\/index.php\/lutter-efficacement-contre-la-fraude\/\" \/>\n<meta property=\"og:site_name\" content=\"Stop aux arnaques \u00e0 la location de vacances\" \/>\n<meta property=\"article:modified_time\" content=\"2022-08-24T13:23:28+00:00\" \/>\n<meta name=\"twitter:card\" content=\"summary_large_image\" \/>\n<meta name=\"twitter:label1\" content=\"Dur\u00e9e de lecture estim\u00e9e\" \/>\n\t<meta name=\"twitter:data1\" content=\"3 minutes\" \/>\n<script type=\"application\/ld+json\" class=\"yoast-schema-graph\">{\"@context\":\"https:\/\/schema.org\",\"@graph\":[{\"@type\":\"Organization\",\"@id\":\"https:\/\/www.arnaques-location-vacances.com\/#organization\",\"name\":\"Stop aux arnaques \u00e0 la location de vacances\",\"url\":\"https:\/\/www.arnaques-location-vacances.com\/\",\"sameAs\":[],\"logo\":{\"@type\":\"ImageObject\",\"inLanguage\":\"fr-FR\",\"@id\":\"https:\/\/www.arnaques-location-vacances.com\/#\/schema\/logo\/image\/\",\"url\":\"https:\/\/www.arnaques-location-vacances.com\/wp-content\/uploads\/2021\/09\/cropped-cropped-logo.gif\",\"contentUrl\":\"https:\/\/www.arnaques-location-vacances.com\/wp-content\/uploads\/2021\/09\/cropped-cropped-logo.gif\",\"width\":250,\"height\":250,\"caption\":\"Stop aux arnaques \u00e0 la location de vacances\"},\"image\":{\"@id\":\"https:\/\/www.arnaques-location-vacances.com\/#\/schema\/logo\/image\/\"}},{\"@type\":\"WebSite\",\"@id\":\"https:\/\/www.arnaques-location-vacances.com\/#website\",\"url\":\"https:\/\/www.arnaques-location-vacances.com\/\",\"name\":\"Stop aux arnaques \u00e0 la location de vacances\",\"description\":\"Tout ce qu&#039;il faut savoir pour \u00e9chapper \u00e0 la fraude\",\"publisher\":{\"@id\":\"https:\/\/www.arnaques-location-vacances.com\/#organization\"},\"potentialAction\":[{\"@type\":\"SearchAction\",\"target\":{\"@type\":\"EntryPoint\",\"urlTemplate\":\"https:\/\/www.arnaques-location-vacances.com\/?s={search_term_string}\"},\"query-input\":\"required name=search_term_string\"}],\"inLanguage\":\"fr-FR\"},{\"@type\":\"WebPage\",\"@id\":\"https:\/\/www.arnaques-location-vacances.com\/index.php\/lutter-efficacement-contre-la-fraude\/\",\"url\":\"https:\/\/www.arnaques-location-vacances.com\/index.php\/lutter-efficacement-contre-la-fraude\/\",\"name\":\"Lutter efficacement contre la fraude - Stop aux arnaques \u00e0 la location de vacances\",\"isPartOf\":{\"@id\":\"https:\/\/www.arnaques-location-vacances.com\/#website\"},\"datePublished\":\"2022-08-24T12:12:58+00:00\",\"dateModified\":\"2022-08-24T13:23:28+00:00\",\"breadcrumb\":{\"@id\":\"https:\/\/www.arnaques-location-vacances.com\/index.php\/lutter-efficacement-contre-la-fraude\/#breadcrumb\"},\"inLanguage\":\"fr-FR\",\"potentialAction\":[{\"@type\":\"ReadAction\",\"target\":[\"https:\/\/www.arnaques-location-vacances.com\/index.php\/lutter-efficacement-contre-la-fraude\/\"]}]},{\"@type\":\"BreadcrumbList\",\"@id\":\"https:\/\/www.arnaques-location-vacances.com\/index.php\/lutter-efficacement-contre-la-fraude\/#breadcrumb\",\"itemListElement\":[{\"@type\":\"ListItem\",\"position\":1,\"name\":\"Accueil\",\"item\":\"https:\/\/www.arnaques-location-vacances.com\/\"},{\"@type\":\"ListItem\",\"position\":2,\"name\":\"Lutter efficacement contre la fraude\"}]}]}<\/script>\n<!-- \/ Yoast SEO plugin. -->","yoast_head_json":{"title":"Lutter efficacement contre la fraude - Stop aux arnaques \u00e0 la location de vacances","robots":{"index":"index","follow":"follow","max-snippet":"max-snippet:-1","max-image-preview":"max-image-preview:large","max-video-preview":"max-video-preview:-1"},"canonical":"https:\/\/www.arnaques-location-vacances.com\/index.php\/lutter-efficacement-contre-la-fraude\/","og_locale":"fr_FR","og_type":"article","og_title":"Lutter efficacement contre la fraude - Stop aux arnaques \u00e0 la location de vacances","og_description":"Les r\u00e9sultats obtenus par la plate-forme MediaVacances.com en mati\u00e8re de lutte contre la fraude montre que les arnaques \u00e0 la location saisonni\u00e8re ne sont pas une fatalit\u00e9. Avec des outils et proc\u00e9dures adapt\u00e9s et une bonne information des utilisateurs, il est possible d&#8217;atteindre un taux de fraude nul. La responsabilit\u00e9 des plate-formes Les plates-formes de&hellip;&nbsp;Lire la suite &raquo;Lutter efficacement contre la fraude","og_url":"https:\/\/www.arnaques-location-vacances.com\/index.php\/lutter-efficacement-contre-la-fraude\/","og_site_name":"Stop aux arnaques \u00e0 la location de vacances","article_modified_time":"2022-08-24T13:23:28+00:00","twitter_card":"summary_large_image","twitter_misc":{"Dur\u00e9e de lecture estim\u00e9e":"3 minutes"},"schema":{"@context":"https:\/\/schema.org","@graph":[{"@type":"Organization","@id":"https:\/\/www.arnaques-location-vacances.com\/#organization","name":"Stop aux arnaques \u00e0 la location de vacances","url":"https:\/\/www.arnaques-location-vacances.com\/","sameAs":[],"logo":{"@type":"ImageObject","inLanguage":"fr-FR","@id":"https:\/\/www.arnaques-location-vacances.com\/#\/schema\/logo\/image\/","url":"https:\/\/www.arnaques-location-vacances.com\/wp-content\/uploads\/2021\/09\/cropped-cropped-logo.gif","contentUrl":"https:\/\/www.arnaques-location-vacances.com\/wp-content\/uploads\/2021\/09\/cropped-cropped-logo.gif","width":250,"height":250,"caption":"Stop aux arnaques \u00e0 la location de vacances"},"image":{"@id":"https:\/\/www.arnaques-location-vacances.com\/#\/schema\/logo\/image\/"}},{"@type":"WebSite","@id":"https:\/\/www.arnaques-location-vacances.com\/#website","url":"https:\/\/www.arnaques-location-vacances.com\/","name":"Stop aux arnaques \u00e0 la location de vacances","description":"Tout ce qu&#039;il faut savoir pour \u00e9chapper \u00e0 la fraude","publisher":{"@id":"https:\/\/www.arnaques-location-vacances.com\/#organization"},"potentialAction":[{"@type":"SearchAction","target":{"@type":"EntryPoint","urlTemplate":"https:\/\/www.arnaques-location-vacances.com\/?s={search_term_string}"},"query-input":"required name=search_term_string"}],"inLanguage":"fr-FR"},{"@type":"WebPage","@id":"https:\/\/www.arnaques-location-vacances.com\/index.php\/lutter-efficacement-contre-la-fraude\/","url":"https:\/\/www.arnaques-location-vacances.com\/index.php\/lutter-efficacement-contre-la-fraude\/","name":"Lutter efficacement contre la fraude - Stop aux arnaques \u00e0 la location de vacances","isPartOf":{"@id":"https:\/\/www.arnaques-location-vacances.com\/#website"},"datePublished":"2022-08-24T12:12:58+00:00","dateModified":"2022-08-24T13:23:28+00:00","breadcrumb":{"@id":"https:\/\/www.arnaques-location-vacances.com\/index.php\/lutter-efficacement-contre-la-fraude\/#breadcrumb"},"inLanguage":"fr-FR","potentialAction":[{"@type":"ReadAction","target":["https:\/\/www.arnaques-location-vacances.com\/index.php\/lutter-efficacement-contre-la-fraude\/"]}]},{"@type":"BreadcrumbList","@id":"https:\/\/www.arnaques-location-vacances.com\/index.php\/lutter-efficacement-contre-la-fraude\/#breadcrumb","itemListElement":[{"@type":"ListItem","position":1,"name":"Accueil","item":"https:\/\/www.arnaques-location-vacances.com\/"},{"@type":"ListItem","position":2,"name":"Lutter efficacement contre la fraude"}]}]}},"_links":{"self":[{"href":"https:\/\/www.arnaques-location-vacances.com\/index.php\/wp-json\/wp\/v2\/pages\/1367"}],"collection":[{"href":"https:\/\/www.arnaques-location-vacances.com\/index.php\/wp-json\/wp\/v2\/pages"}],"about":[{"href":"https:\/\/www.arnaques-location-vacances.com\/index.php\/wp-json\/wp\/v2\/types\/page"}],"author":[{"embeddable":true,"href":"https:\/\/www.arnaques-location-vacances.com\/index.php\/wp-json\/wp\/v2\/users\/1"}],"replies":[{"embeddable":true,"href":"https:\/\/www.arnaques-location-vacances.com\/index.php\/wp-json\/wp\/v2\/comments?post=1367"}],"version-history":[{"count":4,"href":"https:\/\/www.arnaques-location-vacances.com\/index.php\/wp-json\/wp\/v2\/pages\/1367\/revisions"}],"predecessor-version":[{"id":1375,"href":"https:\/\/www.arnaques-location-vacances.com\/index.php\/wp-json\/wp\/v2\/pages\/1367\/revisions\/1375"}],"wp:attachment":[{"href":"https:\/\/www.arnaques-location-vacances.com\/index.php\/wp-json\/wp\/v2\/media?parent=1367"}],"curies":[{"name":"wp","href":"https:\/\/api.w.org\/{rel}","templated":true}]}}